{"id":4450,"date":"2026-03-10T16:19:15","date_gmt":"2026-03-10T21:19:15","guid":{"rendered":"https:\/\/identidad.com.co\/?page_id=4450"},"modified":"2026-04-16T16:57:49","modified_gmt":"2026-04-16T21:57:49","slug":"portafolio","status":"publish","type":"page","link":"https:\/\/identidad.com.co\/index.php\/portafolio\/","title":{"rendered":"Portafolio"},"content":{"rendered":"\t\t<div data-elementor-type=\"wp-page\" data-elementor-id=\"4450\" class=\"elementor elementor-4450\" data-elementor-post-type=\"page\">\n\t\t\t\t<div class=\"elementor-element elementor-element-b1454d3 e-con-full elementor-hidden-desktop elementor-hidden-laptop elementor-hidden-tablet elementor-hidden-mobile e-flex e-con e-parent\" data-id=\"b1454d3\" data-element_type=\"container\" data-e-type=\"container\">\n\t\t<div class=\"elementor-element elementor-element-b910965 e-con-full e-flex e-con e-child\" data-id=\"b910965\" data-element_type=\"container\" data-e-type=\"container\">\n\t\t<div class=\"elementor-element elementor-element-ba0ddf9 e-flex e-con-boxed e-con e-child\" data-id=\"ba0ddf9\" data-element_type=\"container\" data-e-type=\"container\">\n\t\t\t\t\t<div class=\"e-con-inner\">\n\t\t\t\t<div class=\"elementor-element elementor-element-adcc3ad elementor-widget elementor-widget-heading\" data-id=\"adcc3ad\" data-element_type=\"widget\" data-e-type=\"widget\" data-widget_type=\"heading.default\">\n\t\t\t\t<div class=\"elementor-widget-container\">\n\t\t\t\t\t<h2 class=\"elementor-heading-title elementor-size-default\">Im\u00e1genes que narran<\/h2>\t\t\t\t<\/div>\n\t\t\t\t<\/div>\n\t\t\t\t\t<\/div>\n\t\t\t\t<\/div>\n\t\t<div class=\"elementor-element elementor-element-d31f181 e-con-full e-flex e-con e-child\" data-id=\"d31f181\" data-element_type=\"container\" data-e-type=\"container\" data-settings=\"{&quot;background_background&quot;:&quot;classic&quot;}\">\n\t\t<div class=\"elementor-element elementor-element-0e1d214 e-con-full e-flex e-con e-child\" data-id=\"0e1d214\" data-element_type=\"container\" data-e-type=\"container\">\n\t\t\t\t<div class=\"elementor-element elementor-element-2156974 elementor-position-top elementor-widget elementor-widget-image-box\" data-id=\"2156974\" data-element_type=\"widget\" data-e-type=\"widget\" data-widget_type=\"image-box.default\">\n\t\t\t\t<div class=\"elementor-widget-container\">\n\t\t\t\t\t<div class=\"elementor-image-box-wrapper\"><figure class=\"elementor-image-box-img\"><a href=\"https:\/\/identidad.com.co\/index.php\/depresion-sonora\/\" tabindex=\"-1\"><img fetchpriority=\"high\" decoding=\"async\" width=\"768\" height=\"573\" src=\"https:\/\/identidad.com.co\/wp-content\/uploads\/2026\/03\/Gemini_Generated_Image_d0mzcd0mzcd0mzcd-1-768x573.png\" class=\"elementor-animation-shrink attachment-medium_large size-medium_large wp-image-4467\" alt=\"\" srcset=\"https:\/\/identidad.com.co\/wp-content\/uploads\/2026\/03\/Gemini_Generated_Image_d0mzcd0mzcd0mzcd-1-768x573.png 768w, https:\/\/identidad.com.co\/wp-content\/uploads\/2026\/03\/Gemini_Generated_Image_d0mzcd0mzcd0mzcd-1-300x224.png 300w, https:\/\/identidad.com.co\/wp-content\/uploads\/2026\/03\/Gemini_Generated_Image_d0mzcd0mzcd0mzcd-1-1024x765.png 1024w, https:\/\/identidad.com.co\/wp-content\/uploads\/2026\/03\/Gemini_Generated_Image_d0mzcd0mzcd0mzcd-1-1536x1147.png 1536w, https:\/\/identidad.com.co\/wp-content\/uploads\/2026\/03\/Gemini_Generated_Image_d0mzcd0mzcd0mzcd-1-2048x1529.png 2048w\" sizes=\"(max-width: 768px) 100vw, 768px\" \/><\/a><\/figure><div class=\"elementor-image-box-content\"><h3 class=\"elementor-image-box-title\"><a href=\"https:\/\/identidad.com.co\/index.php\/depresion-sonora\/\">Depresi\u00f3n sonora<\/a><\/h3><\/div><\/div>\t\t\t\t<\/div>\n\t\t\t\t<\/div>\n\t\t\t\t<div class=\"elementor-element elementor-element-2f79503 elementor-align-center elementor-widget elementor-widget-button\" data-id=\"2f79503\" data-element_type=\"widget\" data-e-type=\"widget\" data-widget_type=\"button.default\">\n\t\t\t\t<div class=\"elementor-widget-container\">\n\t\t\t\t\t\t\t\t\t<div class=\"elementor-button-wrapper\">\n\t\t\t\t\t<a class=\"elementor-button elementor-button-link elementor-size-sm\" href=\"https:\/\/identidad.com.co\/index.php\/depresion-sonora\/\">\n\t\t\t\t\t\t<span class=\"elementor-button-content-wrapper\">\n\t\t\t\t\t\t\t\t\t<span class=\"elementor-button-text\">Leer aqu\u00ed<\/span>\n\t\t\t\t\t<\/span>\n\t\t\t\t\t<\/a>\n\t\t\t\t<\/div>\n\t\t\t\t\t\t\t\t<\/div>\n\t\t\t\t<\/div>\n\t\t\t\t<\/div>\n\t\t\t\t<\/div>\n\t\t\t\t<\/div>\n\t\t\t\t<\/div>\n\t\t<div class=\"elementor-element elementor-element-d8da703 e-flex e-con-boxed e-con e-parent\" data-id=\"d8da703\" data-element_type=\"container\" data-e-type=\"container\">\n\t\t\t\t\t<div class=\"e-con-inner\">\n\t\t\t\t<div class=\"elementor-element elementor-element-af9a03e elementor-widget elementor-widget-heading\" data-id=\"af9a03e\" data-element_type=\"widget\" data-e-type=\"widget\" data-widget_type=\"heading.default\">\n\t\t\t\t<div class=\"elementor-widget-container\">\n\t\t\t\t\t<h2 class=\"elementor-heading-title elementor-size-default\">Im\u00e1genes que narran<\/h2>\t\t\t\t<\/div>\n\t\t\t\t<\/div>\n\t\t\t\t<div class=\"elementor-element elementor-element-1cc4e07 elementor-grid-3 elementor-grid-tablet-2 elementor-grid-mobile-1 elementor-widget elementor-widget-loop-grid\" data-id=\"1cc4e07\" data-element_type=\"widget\" data-e-type=\"widget\" data-settings=\"{&quot;template_id&quot;:&quot;5111&quot;,&quot;columns&quot;:3,&quot;_skin&quot;:&quot;post&quot;,&quot;columns_tablet&quot;:&quot;2&quot;,&quot;columns_mobile&quot;:&quot;1&quot;,&quot;edit_handle_selector&quot;:&quot;[data-elementor-type=\\&quot;loop-item\\&quot;]&quot;,&quot;row_gap&quot;:{&quot;unit&quot;:&quot;px&quot;,&quot;size&quot;:&quot;&quot;,&quot;sizes&quot;:[]},&quot;row_gap_laptop&quot;:{&quot;unit&quot;:&quot;px&quot;,&quot;size&quot;:&quot;&quot;,&quot;sizes&quot;:[]},&quot;row_gap_tablet&quot;:{&quot;unit&quot;:&quot;px&quot;,&quot;size&quot;:&quot;&quot;,&quot;sizes&quot;:[]},&quot;row_gap_mobile&quot;:{&quot;unit&quot;:&quot;px&quot;,&quot;size&quot;:&quot;&quot;,&quot;sizes&quot;:[]}}\" data-widget_type=\"loop-grid.post\">\n\t\t\t\t<div class=\"elementor-widget-container\">\n\t\t\t\t\t\t\t<div class=\"elementor-loop-container elementor-grid\" role=\"list\">\n\t\t<style id=\"loop-5111\">.elementor-5111 .elementor-element.elementor-element-fd18d6f{--display:flex;}.elementor-widget-theme-post-featured-image .widget-image-caption{color:var( --e-global-color-text );font-family:var( --e-global-typography-text-font-family ), Sans-serif;font-size:var( --e-global-typography-text-font-size );font-weight:var( --e-global-typography-text-font-weight );}.elementor-5111 .elementor-element.elementor-element-afc9a24 img{border-radius:20px 20px 20px 20px;}.elementor-widget-text-editor{font-family:var( --e-global-typography-text-font-family ), Sans-serif;font-size:var( --e-global-typography-text-font-size );font-weight:var( --e-global-typography-text-font-weight );color:var( --e-global-color-text );}.elementor-widget-text-editor.elementor-drop-cap-view-stacked .elementor-drop-cap{background-color:var( --e-global-color-primary );}.elementor-widget-text-editor.elementor-drop-cap-view-framed .elementor-drop-cap, .elementor-widget-text-editor.elementor-drop-cap-view-default .elementor-drop-cap{color:var( --e-global-color-primary );border-color:var( --e-global-color-primary );}.elementor-widget-theme-post-title .elementor-heading-title{font-family:var( --e-global-typography-primary-font-family ), Sans-serif;font-weight:var( --e-global-typography-primary-font-weight );color:var( --e-global-color-primary );}.elementor-5111 .elementor-element.elementor-element-78cfb4f{text-align:start;}.elementor-5111 .elementor-element.elementor-element-78cfb4f .elementor-heading-title{font-family:\"Alegreya Sans\", Sans-serif;font-size:30px;font-weight:600;color:var( --e-global-color-secondary );}.elementor-widget-button .elementor-button{font-family:var( --e-global-typography-accent-font-family ), Sans-serif;font-weight:var( --e-global-typography-accent-font-weight );background-color:var( --e-global-color-accent );}.elementor-5111 .elementor-element.elementor-element-4a61930 .elementor-button{background-color:var( --e-global-color-secondary );}.elementor-5111 .elementor-element.elementor-element-4a61930 .elementor-button:hover, .elementor-5111 .elementor-element.elementor-element-4a61930 .elementor-button:focus{background-color:var( --e-global-color-primary );}@media(max-width:1024px){.elementor-widget-theme-post-featured-image .widget-image-caption{font-size:var( --e-global-typography-text-font-size );}.elementor-widget-text-editor{font-size:var( --e-global-typography-text-font-size );}}@media(max-width:768px){.elementor-widget-theme-post-featured-image .widget-image-caption{font-size:var( --e-global-typography-text-font-size );}.elementor-widget-text-editor{font-size:var( --e-global-typography-text-font-size );}}@media(max-width:425px){.elementor-widget-theme-post-featured-image .widget-image-caption{font-size:var( --e-global-typography-text-font-size );}.elementor-widget-text-editor{font-size:var( --e-global-typography-text-font-size );}}<\/style>\t\t<div data-elementor-type=\"loop-item\" data-elementor-id=\"5111\" class=\"elementor elementor-5111 e-loop-item e-loop-item-5342 post-5342 portafolio type-portafolio status-publish has-post-thumbnail hentry\" data-elementor-post-type=\"elementor_library\" data-custom-edit-handle=\"1\">\n\t\t\t<div class=\"elementor-element elementor-element-fd18d6f e-flex e-con-boxed e-con e-parent\" data-id=\"fd18d6f\" data-element_type=\"container\" data-e-type=\"container\">\n\t\t\t\t\t<div class=\"e-con-inner\">\n\t\t\t\t<div class=\"elementor-element elementor-element-afc9a24 elementor-widget elementor-widget-theme-post-featured-image elementor-widget-image\" data-id=\"afc9a24\" data-element_type=\"widget\" data-e-type=\"widget\" data-widget_type=\"theme-post-featured-image.default\">\n\t\t\t\t<div class=\"elementor-widget-container\">\n\t\t\t\t\t\t\t\t\t\t\t\t\t\t\t\t<a href=\"https:\/\/identidad.com.co\/index.php\/portafolio\/mi-refugio-es-un-ronroneo\/\">\n\t\t\t\t\t\t\t<img decoding=\"async\" width=\"2400\" height=\"1792\" src=\"https:\/\/identidad.com.co\/wp-content\/uploads\/2026\/04\/Gemini_Generated_Image_b977phb977phb977-1.png\" class=\"attachment-full size-full wp-image-5350\" alt=\"\" srcset=\"https:\/\/identidad.com.co\/wp-content\/uploads\/2026\/04\/Gemini_Generated_Image_b977phb977phb977-1.png 2400w, https:\/\/identidad.com.co\/wp-content\/uploads\/2026\/04\/Gemini_Generated_Image_b977phb977phb977-1-300x224.png 300w, https:\/\/identidad.com.co\/wp-content\/uploads\/2026\/04\/Gemini_Generated_Image_b977phb977phb977-1-1024x765.png 1024w, https:\/\/identidad.com.co\/wp-content\/uploads\/2026\/04\/Gemini_Generated_Image_b977phb977phb977-1-768x573.png 768w, https:\/\/identidad.com.co\/wp-content\/uploads\/2026\/04\/Gemini_Generated_Image_b977phb977phb977-1-1536x1147.png 1536w, https:\/\/identidad.com.co\/wp-content\/uploads\/2026\/04\/Gemini_Generated_Image_b977phb977phb977-1-2048x1529.png 2048w\" sizes=\"(max-width: 2400px) 100vw, 2400px\" \/>\t\t\t\t\t\t\t\t<\/a>\n\t\t\t\t\t\t\t\t\t\t\t\t\t\t\t<\/div>\n\t\t\t\t<\/div>\n\t\t\t\t<div class=\"elementor-element elementor-element-b253d99 elementor-widget elementor-widget-text-editor\" data-id=\"b253d99\" data-element_type=\"widget\" data-e-type=\"widget\" data-widget_type=\"text-editor.default\">\n\t\t\t\t<div class=\"elementor-widget-container\">\n\t\t\t\t\t\t\t\t\t18\/04\/2026\t\t\t\t\t\t\t\t<\/div>\n\t\t\t\t<\/div>\n\t\t\t\t<div class=\"elementor-element elementor-element-78cfb4f elementor-widget elementor-widget-theme-post-title elementor-page-title elementor-widget-heading\" data-id=\"78cfb4f\" data-element_type=\"widget\" data-e-type=\"widget\" data-widget_type=\"theme-post-title.default\">\n\t\t\t\t<div class=\"elementor-widget-container\">\n\t\t\t\t\t<h1 class=\"elementor-heading-title elementor-size-default\"><a href=\"https:\/\/identidad.com.co\/index.php\/portafolio\/mi-refugio-es-un-ronroneo\/\">Mi refugio es un ronroneo\u2026<\/a><\/h1>\t\t\t\t<\/div>\n\t\t\t\t<\/div>\n\t\t\t\t<div class=\"elementor-element elementor-element-1273b7a elementor-widget elementor-widget-text-editor\" data-id=\"1273b7a\" data-element_type=\"widget\" data-e-type=\"widget\" data-widget_type=\"text-editor.default\">\n\t\t\t\t<div class=\"elementor-widget-container\">\n\t\t\t\t\t\t\t\t\tPor: Maria Camila Mu\u00f1oz Valencia\t\t\t\t\t\t\t\t<\/div>\n\t\t\t\t<\/div>\n\t\t\t\t<div class=\"elementor-element elementor-element-4a61930 elementor-align-left elementor-widget elementor-widget-button\" data-id=\"4a61930\" data-element_type=\"widget\" data-e-type=\"widget\" data-widget_type=\"button.default\">\n\t\t\t\t<div class=\"elementor-widget-container\">\n\t\t\t\t\t\t\t\t\t<div class=\"elementor-button-wrapper\">\n\t\t\t\t\t<a class=\"elementor-button elementor-button-link elementor-size-sm\" href=\"https:\/\/identidad.com.co\/index.php\/portafolio\/mi-refugio-es-un-ronroneo\/\">\n\t\t\t\t\t\t<span class=\"elementor-button-content-wrapper\">\n\t\t\t\t\t\t\t\t\t<span class=\"elementor-button-text\">Leer aqu\u00ed<\/span>\n\t\t\t\t\t<\/span>\n\t\t\t\t\t<\/a>\n\t\t\t\t<\/div>\n\t\t\t\t\t\t\t\t<\/div>\n\t\t\t\t<\/div>\n\t\t\t\t\t<\/div>\n\t\t\t\t<\/div>\n\t\t\t\t<\/div>\n\t\t\t\t<div data-elementor-type=\"loop-item\" data-elementor-id=\"5111\" class=\"elementor elementor-5111 e-loop-item e-loop-item-5325 post-5325 portafolio type-portafolio status-publish has-post-thumbnail hentry\" data-elementor-post-type=\"elementor_library\" data-custom-edit-handle=\"1\">\n\t\t\t<div class=\"elementor-element elementor-element-fd18d6f e-flex e-con-boxed e-con e-parent\" data-id=\"fd18d6f\" data-element_type=\"container\" data-e-type=\"container\">\n\t\t\t\t\t<div class=\"e-con-inner\">\n\t\t\t\t<div class=\"elementor-element elementor-element-afc9a24 elementor-widget elementor-widget-theme-post-featured-image elementor-widget-image\" data-id=\"afc9a24\" data-element_type=\"widget\" data-e-type=\"widget\" data-widget_type=\"theme-post-featured-image.default\">\n\t\t\t\t<div class=\"elementor-widget-container\">\n\t\t\t\t\t\t\t\t\t\t\t\t\t\t\t\t<a href=\"https:\/\/identidad.com.co\/index.php\/portafolio\/depresion-sonora\/\">\n\t\t\t\t\t\t\t<img decoding=\"async\" width=\"2400\" height=\"1792\" src=\"https:\/\/identidad.com.co\/wp-content\/uploads\/2026\/03\/Gemini_Generated_Image_d0mzcd0mzcd0mzcd-1.png\" class=\"attachment-full size-full wp-image-4467\" alt=\"\" srcset=\"https:\/\/identidad.com.co\/wp-content\/uploads\/2026\/03\/Gemini_Generated_Image_d0mzcd0mzcd0mzcd-1.png 2400w, https:\/\/identidad.com.co\/wp-content\/uploads\/2026\/03\/Gemini_Generated_Image_d0mzcd0mzcd0mzcd-1-300x224.png 300w, https:\/\/identidad.com.co\/wp-content\/uploads\/2026\/03\/Gemini_Generated_Image_d0mzcd0mzcd0mzcd-1-1024x765.png 1024w, https:\/\/identidad.com.co\/wp-content\/uploads\/2026\/03\/Gemini_Generated_Image_d0mzcd0mzcd0mzcd-1-768x573.png 768w, https:\/\/identidad.com.co\/wp-content\/uploads\/2026\/03\/Gemini_Generated_Image_d0mzcd0mzcd0mzcd-1-1536x1147.png 1536w, https:\/\/identidad.com.co\/wp-content\/uploads\/2026\/03\/Gemini_Generated_Image_d0mzcd0mzcd0mzcd-1-2048x1529.png 2048w\" sizes=\"(max-width: 2400px) 100vw, 2400px\" \/>\t\t\t\t\t\t\t\t<\/a>\n\t\t\t\t\t\t\t\t\t\t\t\t\t\t\t<\/div>\n\t\t\t\t<\/div>\n\t\t\t\t<div class=\"elementor-element elementor-element-b253d99 elementor-widget elementor-widget-text-editor\" data-id=\"b253d99\" data-element_type=\"widget\" data-e-type=\"widget\" data-widget_type=\"text-editor.default\">\n\t\t\t\t<div class=\"elementor-widget-container\">\n\t\t\t\t\t\t\t\t\t13\/03\/2026\t\t\t\t\t\t\t\t<\/div>\n\t\t\t\t<\/div>\n\t\t\t\t<div class=\"elementor-element elementor-element-78cfb4f elementor-widget elementor-widget-theme-post-title elementor-page-title elementor-widget-heading\" data-id=\"78cfb4f\" data-element_type=\"widget\" data-e-type=\"widget\" data-widget_type=\"theme-post-title.default\">\n\t\t\t\t<div class=\"elementor-widget-container\">\n\t\t\t\t\t<h1 class=\"elementor-heading-title elementor-size-default\"><a href=\"https:\/\/identidad.com.co\/index.php\/portafolio\/depresion-sonora\/\">Depresi\u00f3n sonora<\/a><\/h1>\t\t\t\t<\/div>\n\t\t\t\t<\/div>\n\t\t\t\t<div class=\"elementor-element elementor-element-1273b7a elementor-widget elementor-widget-text-editor\" data-id=\"1273b7a\" data-element_type=\"widget\" data-e-type=\"widget\" data-widget_type=\"text-editor.default\">\n\t\t\t\t<div class=\"elementor-widget-container\">\n\t\t\t\t\t\t\t\t\tPor: Mar\u00eda Victoria Trujillo C\u00e1rdenas\t\t\t\t\t\t\t\t<\/div>\n\t\t\t\t<\/div>\n\t\t\t\t<div class=\"elementor-element elementor-element-4a61930 elementor-align-left elementor-widget elementor-widget-button\" data-id=\"4a61930\" data-element_type=\"widget\" data-e-type=\"widget\" data-widget_type=\"button.default\">\n\t\t\t\t<div class=\"elementor-widget-container\">\n\t\t\t\t\t\t\t\t\t<div class=\"elementor-button-wrapper\">\n\t\t\t\t\t<a class=\"elementor-button elementor-button-link elementor-size-sm\" href=\"https:\/\/identidad.com.co\/index.php\/portafolio\/depresion-sonora\/\">\n\t\t\t\t\t\t<span class=\"elementor-button-content-wrapper\">\n\t\t\t\t\t\t\t\t\t<span class=\"elementor-button-text\">Leer aqu\u00ed<\/span>\n\t\t\t\t\t<\/span>\n\t\t\t\t\t<\/a>\n\t\t\t\t<\/div>\n\t\t\t\t\t\t\t\t<\/div>\n\t\t\t\t<\/div>\n\t\t\t\t\t<\/div>\n\t\t\t\t<\/div>\n\t\t\t\t<\/div>\n\t\t\t\t<\/div>\n\t\t\n\t\t\t\t\t\t<\/div>\n\t\t\t\t<\/div>\n\t\t\t\t\t<\/div>\n\t\t\t\t<\/div>\n\t\t\t\t<\/div>\n\t\t","protected":false},"excerpt":{"rendered":"<p>Im\u00e1genes que narran Depresi\u00f3n sonora Leer aqu\u00ed Im\u00e1genes que narran<\/p>\n","protected":false},"author":1,"featured_media":0,"parent":0,"menu_order":0,"comment_status":"closed","ping_status":"closed","template":"elementor_header_footer","meta":{"_acf_changed":false,"footnotes":""},"class_list":["post-4450","page","type-page","status-publish","hentry"],"acf":[],"_links":{"self":[{"href":"https:\/\/identidad.com.co\/index.php\/wp-json\/wp\/v2\/pages\/4450","targetHints":{"allow":["GET"]}}],"collection":[{"href":"https:\/\/identidad.com.co\/index.php\/wp-json\/wp\/v2\/pages"}],"about":[{"href":"https:\/\/identidad.com.co\/index.php\/wp-json\/wp\/v2\/types\/page"}],"author":[{"embeddable":true,"href":"https:\/\/identidad.com.co\/index.php\/wp-json\/wp\/v2\/users\/1"}],"replies":[{"embeddable":true,"href":"https:\/\/identidad.com.co\/index.php\/wp-json\/wp\/v2\/comments?post=4450"}],"version-history":[{"count":41,"href":"https:\/\/identidad.com.co\/index.php\/wp-json\/wp\/v2\/pages\/4450\/revisions"}],"predecessor-version":[{"id":5330,"href":"https:\/\/identidad.com.co\/index.php\/wp-json\/wp\/v2\/pages\/4450\/revisions\/5330"}],"wp:attachment":[{"href":"https:\/\/identidad.com.co\/index.php\/wp-json\/wp\/v2\/media?parent=4450"}],"curies":[{"name":"wp","href":"https:\/\/api.w.org\/{rel}","templated":true}]}}